{"id":752,"date":"2024-11-18T16:28:09","date_gmt":"2024-11-18T15:28:09","guid":{"rendered":"https:\/\/scinnov.eu\/?page_id=752"},"modified":"2025-09-15T09:35:13","modified_gmt":"2025-09-15T07:35:13","slug":"rejoindre-notre-reseau","status":"publish","type":"page","link":"https:\/\/scinnov.eu\/fr\/rejoindre-notre-reseau\/","title":{"rendered":"Rejoindre notre r\u00e9seau"},"content":{"rendered":"<p>[et_pb_section fb_built=\u00a0\u00bb1&Prime; _builder_version=\u00a0\u00bb4.27.2&Prime; _module_preset=\u00a0\u00bbdefault\u00a0\u00bb background_color=\u00a0\u00bb#F5F5F5&Prime; background_image=\u00a0\u00bbhttps:\/\/scinnov.eu\/wp-content\/uploads\/2024\/10\/Graphisme-Scinnov-Fond-de-header-forme-de-logo-1.svg\u00a0\u00bb background_size=\u00a0\u00bbcustom\u00a0\u00bb background_image_width=\u00a0\u00bb520px\u00a0\u00bb background_position=\u00a0\u00bbtop_right\u00a0\u00bb background_blend=\u00a0\u00bblighten\u00a0\u00bb custom_padding=\u00a0\u00bb0px||||false|false\u00a0\u00bb global_colors_info=\u00a0\u00bb{}\u00a0\u00bb][et_pb_row _builder_version=\u00a0\u00bb4.27.2&Prime; _module_preset=\u00a0\u00bbdefault\u00a0\u00bb custom_padding=\u00a0\u00bb15px||0px||false|false\u00a0\u00bb global_colors_info=\u00a0\u00bb{}\u00a0\u00bb][et_pb_column type=\u00a0\u00bb4_4&Prime; _builder_version=\u00a0\u00bb4.27.2&Prime; _module_preset=\u00a0\u00bbdefault\u00a0\u00bb global_colors_info=\u00a0\u00bb{}\u00a0\u00bb][dsm_breadcrumbs home_icon=\u00a0\u00bb&#x34;||divi||400&Prime; separator_icon=\u00a0\u00bb&#x4b;||divi||400&Prime; _builder_version=\u00a0\u00bb4.27.2&Prime; _module_preset=\u00a0\u00bbdefault\u00a0\u00bb items_font=\u00a0\u00bbsilka-regular||||||||\u00a0\u00bb items_font_size=\u00a0\u00bb12px\u00a0\u00bb separators_text_color=\u00a0\u00bb#165EA0&Prime; current_font=\u00a0\u00bbsilka-regular-italic||||||||\u00a0\u00bb current_text_color=\u00a0\u00bb#165EA0&Prime; global_colors_info=\u00a0\u00bb{}\u00a0\u00bb][\/dsm_breadcrumbs][\/et_pb_column][\/et_pb_row][et_pb_row column_structure=\u00a0\u00bb1_2,1_2&Prime; _builder_version=\u00a0\u00bb4.27.2&Prime; _module_preset=\u00a0\u00bbdefault\u00a0\u00bb background_color=\u00a0\u00bb#85C4F5&Prime; background_image=\u00a0\u00bbhttps:\/\/scinnov.eu\/wp-content\/uploads\/2024\/11\/Graphisme-Scinnov-Fond-de-header-forme-de-logo-Partenaire.svg\u00a0\u00bb background_size=\u00a0\u00bbcustom\u00a0\u00bb background_image_width=\u00a0\u00bb300px\u00a0\u00bb background_position=\u00a0\u00bbtop_left\u00a0\u00bb custom_padding=\u00a0\u00bb30px|30px|30px|30px|false|false\u00a0\u00bb border_radii=\u00a0\u00bboff||30px|30px|30px\u00a0\u00bb global_colors_info=\u00a0\u00bb{}\u00a0\u00bb][et_pb_column type=\u00a0\u00bb1_2&Prime; _builder_version=\u00a0\u00bb4.27.2&Prime; _module_preset=\u00a0\u00bbdefault\u00a0\u00bb global_colors_info=\u00a0\u00bb{}\u00a0\u00bb][et_pb_text _builder_version=\u00a0\u00bb4.27.4&Prime; _module_preset=\u00a0\u00bbdefault\u00a0\u00bb header_font=\u00a0\u00bbsilka-black||||||||\u00a0\u00bb header_text_align=\u00a0\u00bbleft\u00a0\u00bb header_text_color=\u00a0\u00bb#181B30&Prime; header_font_size=\u00a0\u00bb64px\u00a0\u00bb header_line_height=\u00a0\u00bb4.3rem\u00a0\u00bb width=\u00a0\u00bb150%\u00a0\u00bb width_tablet=\u00a0\u00bb99%\u00a0\u00bb width_phone=\u00a0\u00bb99%\u00a0\u00bb width_last_edited=\u00a0\u00bbon|tablet\u00a0\u00bb hover_enabled=\u00a0\u00bb0&Prime; global_colors_info=\u00a0\u00bb{}\u00a0\u00bb sticky_enabled=\u00a0\u00bb0&Prime;]<\/p>\n<h1>Rejoindre notre r\u00e9seau<\/h1>\n<p>[\/et_pb_text][et_pb_text _builder_version=\u00a0\u00bb4.27.4&Prime; _module_preset=\u00a0\u00bbdefault\u00a0\u00bb text_font=\u00a0\u00bbsilka-regular||||||||\u00a0\u00bb text_text_color=\u00a0\u00bb#181B30&Prime; text_font_size=\u00a0\u00bb16px\u00a0\u00bb text_line_height=\u00a0\u00bb1.75rem\u00a0\u00bb header_2_font=\u00a0\u00bbsilka-bold||||||||\u00a0\u00bb header_2_text_color=\u00a0\u00bb#181B30&Prime; header_2_font_size=\u00a0\u00bb24px\u00a0\u00bb header_2_line_height=\u00a0\u00bb2rem\u00a0\u00bb custom_padding=\u00a0\u00bb|||9px||\u00a0\u00bb global_colors_info=\u00a0\u00bb{}\u00a0\u00bb]<\/p>\n<h2>Scinnov : un mod\u00e8le collaboratif pour offrir les meilleurs services aux chercheurs, entrepreneurs et innovateurs.<\/h2>\n<p>L&rsquo;entreprise s&rsquo;associe avec des cabinets de conseils et des consultants ind\u00e9pendants afin de b\u00e9n\u00e9ficier d&rsquo;une capacit\u00e9 de recourir aux meilleures expertises, tout en conservant une v\u00e9ritable agilit\u00e9.<\/p>\n<p>[\/et_pb_text][\/et_pb_column][et_pb_column type=\u00a0\u00bb1_2&Prime; _builder_version=\u00a0\u00bb4.27.2&Prime; _module_preset=\u00a0\u00bbdefault\u00a0\u00bb global_colors_info=\u00a0\u00bb{}\u00a0\u00bb][et_pb_text _builder_version=\u00a0\u00bb4.27.4&Prime; _module_preset=\u00a0\u00bbdefault\u00a0\u00bb text_font=\u00a0\u00bbsilka-regular||||||||\u00a0\u00bb text_text_color=\u00a0\u00bb#181B30&Prime; text_font_size=\u00a0\u00bb16px\u00a0\u00bb text_line_height=\u00a0\u00bb1.75rem\u00a0\u00bb header_2_font=\u00a0\u00bbsilka-bold||||||||\u00a0\u00bb header_2_text_color=\u00a0\u00bb#FFFFFF\u00a0\u00bb header_2_font_size=\u00a0\u00bb24px\u00a0\u00bb header_2_line_height=\u00a0\u00bb2rem\u00a0\u00bb custom_margin=\u00a0\u00bb103px||||false|false\u00a0\u00bb custom_margin_tablet=\u00a0\u00bb0px||||false|false\u00a0\u00bb custom_margin_phone=\u00a0\u00bb0px||||false|false\u00a0\u00bb custom_margin_last_edited=\u00a0\u00bbon|tablet\u00a0\u00bb global_colors_info=\u00a0\u00bb{}\u00a0\u00bb]<\/p>\n<p>Depuis 2016, Scinnov a recours \u00e0 des consultants ind\u00e9pendants: scientifiques, ing\u00e9nieurs, gestionnaires de projets, sp\u00e9cialistes financiers. Pr\u00e8s d&rsquo;une dizaine travaillent r\u00e9guli\u00e8rement sur des projets de la soci\u00e9t\u00e9.<\/p>\n<p>En parall\u00e8le, Scinnov a d\u00e9velopp\u00e9 un r\u00e9seau de cabinets de conseils en affaires publiques ou en financements de projets, \u00e9tablis dans d&rsquo;autres pays europ\u00e9ens, afin de lui permettre de recourir \u00e0 des ressources suppl\u00e9mentaires et ainsi r\u00e9pondre positivement aux besoins de ses clients.<\/p>\n<p>[\/et_pb_text][\/et_pb_column][\/et_pb_row][\/et_pb_section][et_pb_section fb_built=\u00a0\u00bb1&Prime; _builder_version=\u00a0\u00bb4.27.2&Prime; _module_preset=\u00a0\u00bbdefault\u00a0\u00bb background_enable_color=\u00a0\u00bboff\u00a0\u00bb use_background_color_gradient=\u00a0\u00bbon\u00a0\u00bb background_color_gradient_stops=\u00a0\u00bb#f5f5f5 0%|#f5f5f5 100%\u00a0\u00bb background_image=\u00a0\u00bbhttps:\/\/scinnov.eu\/wp-content\/uploads\/2024\/10\/Fond-Graphique-Scinnov.svg\u00a0\u00bb background_size=\u00a0\u00bbcontain\u00a0\u00bb background_position=\u00a0\u00bbcenter_left\u00a0\u00bb global_colors_info=\u00a0\u00bb{}\u00a0\u00bb][et_pb_row make_equal=\u00a0\u00bbon\u00a0\u00bb _builder_version=\u00a0\u00bb4.27.2&Prime; _module_preset=\u00a0\u00bbdefault\u00a0\u00bb global_colors_info=\u00a0\u00bb{}\u00a0\u00bb][et_pb_column type=\u00a0\u00bb4_4&Prime; _builder_version=\u00a0\u00bb4.27.2&Prime; _module_preset=\u00a0\u00bbdefault\u00a0\u00bb global_colors_info=\u00a0\u00bb{}\u00a0\u00bb][et_pb_text _builder_version=\u00a0\u00bb4.27.2&Prime; _module_preset=\u00a0\u00bbdefault\u00a0\u00bb text_font=\u00a0\u00bbsilka-regular||||||||\u00a0\u00bb text_text_color=\u00a0\u00bb#181B30&Prime; text_font_size=\u00a0\u00bb16px\u00a0\u00bb text_line_height=\u00a0\u00bb1.75rem\u00a0\u00bb header_font=\u00a0\u00bbsilka-black||||||||\u00a0\u00bb header_text_align=\u00a0\u00bbleft\u00a0\u00bb header_text_color=\u00a0\u00bb#FFFFFF\u00a0\u00bb header_font_size=\u00a0\u00bb64px\u00a0\u00bb header_line_height=\u00a0\u00bb4.3rem\u00a0\u00bb header_2_font=\u00a0\u00bbsilka-black||||||||\u00a0\u00bb header_2_text_color=\u00a0\u00bb#181B30&Prime; header_2_font_size=\u00a0\u00bb24px\u00a0\u00bb header_2_line_height=\u00a0\u00bb2rem\u00a0\u00bb global_colors_info=\u00a0\u00bb{}\u00a0\u00bb]<\/p>\n<h2>Ce qui nous rend unique<\/h2>\n<p>[\/et_pb_text][\/et_pb_column][\/et_pb_row][et_pb_row column_structure=\u00a0\u00bb1_2,1_2&Prime; use_custom_gutter=\u00a0\u00bbon\u00a0\u00bb _builder_version=\u00a0\u00bb4.27.2&Prime; _module_preset=\u00a0\u00bbdefault\u00a0\u00bb custom_padding=\u00a0\u00bb0px||||false|false\u00a0\u00bb border_color_bottom=\u00a0\u00bbrgba(24,27,48,0.3)\u00a0\u00bb global_colors_info=\u00a0\u00bb{}\u00a0\u00bb][et_pb_column type=\u00a0\u00bb1_2&Prime; _builder_version=\u00a0\u00bb4.27.2&Prime; _module_preset=\u00a0\u00bbdefault\u00a0\u00bb global_colors_info=\u00a0\u00bb{}\u00a0\u00bb][et_pb_text _builder_version=\u00a0\u00bb4.27.4&Prime; _module_preset=\u00a0\u00bbdefault\u00a0\u00bb text_font=\u00a0\u00bbsilka-regular||||||||\u00a0\u00bb text_text_color=\u00a0\u00bb#181B30&Prime; text_font_size=\u00a0\u00bb16px\u00a0\u00bb text_line_height=\u00a0\u00bb1.75rem\u00a0\u00bb custom_padding=\u00a0\u00bb||30px||false|false\u00a0\u00bb border_width_bottom=\u00a0\u00bb1px\u00a0\u00bb border_color_bottom=\u00a0\u00bbrgba(24,27,48,0.3)\u00a0\u00bb global_colors_info=\u00a0\u00bb{}\u00a0\u00bb]<\/p>\n<p><strong>Un cabinet \u00e0 taille humaine :<\/strong> nous d\u00e9veloppons une relation privil\u00e9gi\u00e9e, \u00e9quitable et de long-terme avec nos collaborateurs, dans un souci de partage de connaissances et de valeurs.<\/p>\n<p>[\/et_pb_text][et_pb_text _builder_version=\u00a0\u00bb4.27.4&Prime; _module_preset=\u00a0\u00bbdefault\u00a0\u00bb text_font=\u00a0\u00bbsilka-regular||||||||\u00a0\u00bb text_text_color=\u00a0\u00bb#181B30&Prime; text_font_size=\u00a0\u00bb16px\u00a0\u00bb text_line_height=\u00a0\u00bb1.75rem\u00a0\u00bb custom_padding=\u00a0\u00bb||30px||false|false\u00a0\u00bb border_width_bottom=\u00a0\u00bb1px\u00a0\u00bb border_color_bottom=\u00a0\u00bbrgba(24,27,48,0.3)\u00a0\u00bb global_colors_info=\u00a0\u00bb{}\u00a0\u00bb]<\/p>\n<p><strong>Un souci de la performance et une volont\u00e9 de succ\u00e8s :<\/strong> un taux de succ\u00e8s moyen de 65% dans l&rsquo;obtention de financements, la recherche des meilleures expertises.<\/p>\n<p>[\/et_pb_text][et_pb_text _builder_version=\u00a0\u00bb4.27.4&Prime; _module_preset=\u00a0\u00bbdefault\u00a0\u00bb text_font=\u00a0\u00bbsilka-regular||||||||\u00a0\u00bb text_text_color=\u00a0\u00bb#181B30&Prime; text_font_size=\u00a0\u00bb16px\u00a0\u00bb text_line_height=\u00a0\u00bb1.75rem\u00a0\u00bb custom_padding=\u00a0\u00bb5px||30px||false|false\u00a0\u00bb border_width_bottom=\u00a0\u00bb1px\u00a0\u00bb border_color_bottom=\u00a0\u00bbrgba(24,27,48,0.3)\u00a0\u00bb global_colors_info=\u00a0\u00bb{}\u00a0\u00bb]<\/p>\n<p><strong>Une \u00e9quipe compl\u00e9mentaire :<\/strong> gestionnaires de projets europ\u00e9ens ou nationaux, sp\u00e9cialistes du financement de l&rsquo;innovation, scientifiques, ing\u00e9nieurs, business developers, juristes, responsables administratifs et financiers.<\/p>\n<p>[\/et_pb_text][\/et_pb_column][et_pb_column type=\u00a0\u00bb1_2&Prime; module_class=\u00a0\u00bbcentrer-verticalement\u00a0\u00bb _builder_version=\u00a0\u00bb4.27.2&Prime; _module_preset=\u00a0\u00bbdefault\u00a0\u00bb global_colors_info=\u00a0\u00bb{}\u00a0\u00bb][et_pb_text _builder_version=\u00a0\u00bb4.27.4&Prime; _module_preset=\u00a0\u00bbdefault\u00a0\u00bb text_font=\u00a0\u00bbsilka-regular||||||||\u00a0\u00bb text_text_color=\u00a0\u00bb#181B30&Prime; text_font_size=\u00a0\u00bb16px\u00a0\u00bb text_line_height=\u00a0\u00bb1.75rem\u00a0\u00bb custom_padding=\u00a0\u00bb||30px||false|false\u00a0\u00bb border_width_bottom=\u00a0\u00bb1px\u00a0\u00bb border_color_bottom=\u00a0\u00bbrgba(24,27,48,0.3)\u00a0\u00bb global_colors_info=\u00a0\u00bb{}\u00a0\u00bb]<\/p>\n<p><strong>Une approche d&rsquo;entreprise unique pour les clients :<\/strong> \u00a0une pr\u00e9sentation d&rsquo;une seule \u00e9quipe, d&rsquo;une seule marque et des outils partag\u00e9s.<\/p>\n<p>[\/et_pb_text][et_pb_text _builder_version=\u00a0\u00bb4.27.4&Prime; _module_preset=\u00a0\u00bbdefault\u00a0\u00bb text_font=\u00a0\u00bbsilka-regular||||||||\u00a0\u00bb text_text_color=\u00a0\u00bb#181B30&Prime; text_font_size=\u00a0\u00bb16px\u00a0\u00bb text_line_height=\u00a0\u00bb1.75rem\u00a0\u00bb custom_padding=\u00a0\u00bb||30px||false|false\u00a0\u00bb border_width_bottom=\u00a0\u00bb1px\u00a0\u00bb border_color_bottom=\u00a0\u00bbrgba(24,27,48,0.3)\u00a0\u00bb global_colors_info=\u00a0\u00bb{}\u00a0\u00bb]<\/p>\n<p><strong>Un important taux de fid\u00e9lisation de ses clients (70% sur la p\u00e9riode 2018 &#8211; 2024) :<\/strong> une preuve du s\u00e9rieux de notre approche et de notre travail.<\/p>\n<p>[\/et_pb_text][et_pb_text _builder_version=\u00a0\u00bb4.27.4&Prime; _module_preset=\u00a0\u00bbdefault\u00a0\u00bb text_font=\u00a0\u00bbsilka-regular||||||||\u00a0\u00bb text_text_color=\u00a0\u00bb#181B30&Prime; text_font_size=\u00a0\u00bb16px\u00a0\u00bb text_line_height=\u00a0\u00bb1.75rem\u00a0\u00bb custom_padding=\u00a0\u00bb||30px||false|false\u00a0\u00bb border_width_bottom=\u00a0\u00bb1px\u00a0\u00bb border_color_bottom=\u00a0\u00bbrgba(24,27,48,0.3)\u00a0\u00bb global_colors_info=\u00a0\u00bb{}\u00a0\u00bb]<\/p>\n<p><strong>Une capacit\u00e9 \u00e0 couvrir 4 priorit\u00e9s th\u00e9matiques (la sant\u00e9, l&rsquo;environnement, l&rsquo;\u00e9nergie et les transports)<\/strong> et l&rsquo;ensemble des pays Europ\u00e9ens gr\u00e2ce au r\u00e9seau de partenaires.<\/p>\n<p>[\/et_pb_text][\/et_pb_column][\/et_pb_row][et_pb_row column_structure=\u00a0\u00bb1_3,1_3,1_3&Prime; _builder_version=\u00a0\u00bb4.27.2&Prime; _module_preset=\u00a0\u00bbdefault\u00a0\u00bb custom_margin=\u00a0\u00bb100px||||false|false\u00a0\u00bb global_colors_info=\u00a0\u00bb{}\u00a0\u00bb][et_pb_column type=\u00a0\u00bb1_3&Prime; _builder_version=\u00a0\u00bb4.27.2&Prime; _module_preset=\u00a0\u00bbdefault\u00a0\u00bb background_color=\u00a0\u00bb#FFFFFF\u00a0\u00bb custom_padding=\u00a0\u00bb30px|30px|30px|30px|false|false\u00a0\u00bb border_radii=\u00a0\u00bbon|30px|30px|30px|30px\u00a0\u00bb global_colors_info=\u00a0\u00bb{}\u00a0\u00bb][et_pb_blurb title=\u00a0\u00bbEURALIA, un partenaire historique\u00a0\u00bb image=\u00a0\u00bbhttps:\/\/scinnov.eu\/wp-content\/uploads\/2024\/11\/Icon-Scinnov-Teloignage.svg\u00a0\u00bb image_icon_width=\u00a0\u00bb35px\u00a0\u00bb icon_alignment=\u00a0\u00bbleft\u00a0\u00bb _builder_version=\u00a0\u00bb4.27.4&Prime; _module_preset=\u00a0\u00bbdefault\u00a0\u00bb header_font=\u00a0\u00bbsilka-bold-italic||||||||\u00a0\u00bb header_text_color=\u00a0\u00bb#181B30&Prime; header_font_size=\u00a0\u00bb24px\u00a0\u00bb header_line_height=\u00a0\u00bb2rem\u00a0\u00bb body_font=\u00a0\u00bbsilka-regular||||||||\u00a0\u00bb body_font_size=\u00a0\u00bb16px\u00a0\u00bb body_line_height=\u00a0\u00bb1.75rem\u00a0\u00bb global_colors_info=\u00a0\u00bb{}\u00a0\u00bb]<\/p>\n<p><span>En 2018, Euralia et Scinnov nouent un partenariat pour maximiser les chances de succ\u00e8s de leurs projets. En travaillant ensemble sur les aspects de lobbying et au montage de nombreux projets de recherche et d&rsquo;innovation les soci\u00e9t\u00e9s ont d\u00e9velopp\u00e9 une m\u00e9thode et une expertise pr\u00e9cieuses pour proposer une offre compl\u00e8te \u00e0 leurs clients. <strong>Mathilde Bonvillain-Serrault<\/strong><\/span><\/p>\n<p>[\/et_pb_blurb][\/et_pb_column][et_pb_column type=\u00a0\u00bb1_3&Prime; _builder_version=\u00a0\u00bb4.27.2&Prime; _module_preset=\u00a0\u00bbdefault\u00a0\u00bb background_color=\u00a0\u00bb#FFFFFF\u00a0\u00bb custom_padding=\u00a0\u00bb30px|30px|30px|30px|false|false\u00a0\u00bb border_radii=\u00a0\u00bbon|30px|30px|30px|30px\u00a0\u00bb global_colors_info=\u00a0\u00bb{}\u00a0\u00bb][et_pb_blurb title=\u00a0\u00bbMG Science, un succ\u00e8s partag\u00e9\u00a0\u00bb image=\u00a0\u00bbhttps:\/\/scinnov.eu\/wp-content\/uploads\/2024\/11\/Icon-Scinnov-Teloignage.svg\u00a0\u00bb image_icon_width=\u00a0\u00bb35px\u00a0\u00bb icon_alignment=\u00a0\u00bbleft\u00a0\u00bb _builder_version=\u00a0\u00bb4.27.4&Prime; _module_preset=\u00a0\u00bbdefault\u00a0\u00bb header_font=\u00a0\u00bbsilka-bold-italic||||||||\u00a0\u00bb header_text_color=\u00a0\u00bb#181B30&Prime; header_font_size=\u00a0\u00bb24px\u00a0\u00bb header_line_height=\u00a0\u00bb2rem\u00a0\u00bb body_font=\u00a0\u00bbsilka-regular||||||||\u00a0\u00bb body_font_size=\u00a0\u00bb16px\u00a0\u00bb body_line_height=\u00a0\u00bb1.75rem\u00a0\u00bb global_colors_info=\u00a0\u00bb{}\u00a0\u00bb]<\/p>\n<p>Depuis 2016, je collabore avec la soci\u00e9t\u00e9 Scinnov en apportant non seulement mon expertise de r\u00e9dacteur scientifique, mais aussi mes connaissances scientifiques pour le positionnement strat\u00e9gique des projets ou encore mon exp\u00e9rience en communication scientifique pour la d\u00e9finition des plans de communication et de diss\u00e9mination. \u00a0Avec plus de 20 dossiers d\u00e9velopp\u00e9s en collaboration, j&rsquo;ai ainsi pu partager les succ\u00e8s des demandes de financement. <strong>Matthew Morgan<\/strong><\/p>\n<p>[\/et_pb_blurb][\/et_pb_column][et_pb_column type=\u00a0\u00bb1_3&Prime; _builder_version=\u00a0\u00bb4.27.2&Prime; _module_preset=\u00a0\u00bbdefault\u00a0\u00bb background_color=\u00a0\u00bb#FFFFFF\u00a0\u00bb custom_padding=\u00a0\u00bb30px|30px|30px|30px|false|false\u00a0\u00bb border_radii=\u00a0\u00bbon|30px|30px|30px|30px\u00a0\u00bb global_colors_info=\u00a0\u00bb{}\u00a0\u00bb][et_pb_blurb title=\u00a0\u00bbInnovation Acta, une compl\u00e9mentarit\u00e9 assum\u00e9e\u00a0\u00bb image=\u00a0\u00bbhttps:\/\/scinnov.eu\/wp-content\/uploads\/2024\/11\/Icon-Scinnov-Teloignage.svg\u00a0\u00bb image_icon_width=\u00a0\u00bb35px\u00a0\u00bb icon_alignment=\u00a0\u00bbleft\u00a0\u00bb _builder_version=\u00a0\u00bb4.27.2&Prime; _module_preset=\u00a0\u00bbdefault\u00a0\u00bb header_font=\u00a0\u00bbsilka-bold-italic||||||||\u00a0\u00bb header_text_color=\u00a0\u00bb#181B30&Prime; header_font_size=\u00a0\u00bb24px\u00a0\u00bb header_line_height=\u00a0\u00bb2rem\u00a0\u00bb body_font=\u00a0\u00bbsilka-regular||||||||\u00a0\u00bb body_font_size=\u00a0\u00bb16px\u00a0\u00bb body_line_height=\u00a0\u00bb1.75rem\u00a0\u00bb global_colors_info=\u00a0\u00bb{}\u00a0\u00bb]<\/p>\n<p>Innovation Acta est un cabinet qui accompagne les entreprises, les organismes publics, les chercheurs individuels et les PME \u00e0 obtenir des subventions dans le cadre de projets de collaboration multinationale. Le cabinet propose des services similaires \u00e0 ceux offerts par Scinnov. Cependant, compte-tenu de la compl\u00e9mentarit\u00e9 de nos expertises et de notre couverture g\u00e9ographique, nous avons \u00e9tablit un partenariat strat\u00e9gique afin de mutualiser certaines ressources. <br \/><strong>Natascia Cannella<\/strong><\/p>\n<p>[\/et_pb_blurb][\/et_pb_column][\/et_pb_row][\/et_pb_section]<\/p>\n","protected":false},"excerpt":{"rendered":"<p><div class=\"et_pb_module dsm_breadcrumbs dsm_breadcrumbs_0\">\n\t\t\t\t\n\t\t\t\t\n\t\t\t\t\n\t\t\t\t\n\t\t\t\t\n\t\t\t\t\n\t\t\t\t<div class=\"et_pb_module_inner\">\n\t\t\t\t\t<nav class=\"dsm_breadcrumbs_wrap\">\n\t\t\t\t<ul class=\"dsm_breadcrumbs\" itemscope itemtype=\"https:\/\/schema.org\/BreadcrumbList\">\t\t\t<li class=\"dsm_breadcrumbs_item dsm_home_item dsm_home_item_custom\" itemprop=\"itemListElement\" itemscope\n\t\t\titemtype=\"https:\/\/schema.org\/ListItem\">\n\t\t\t\t<a href=\"https:\/\/scinnov.eu\/fr\" itemprop=\"item\" target=\"\">\n\t\t\t\t\t<span class='dsm_home_text_wrapper'>\n\t\t\t\t\t\t\t\t\t\t\t\t\t<span class=\"et-pb-icon dsm_home_icon\">&#x34;<\/span>\n\t\t\t\t\t\t\t\t\t\t\t\t\t<span class=\"dsm_home_text\" itemprop=\"name\">\n\t\t\t\t\t\t\t\tHome\t\t\t\t\t\t\t<\/span>\n\t\t\t\t\t<\/span>\n\t\t\t\t<\/a>\n\t\t\t\t<meta itemprop=\"position\" content=\"1\" \/>\n\t\t\t<\/li>\n\n\t\t<li class=\"dsm_breadcrumbs_separator\"> <span class=\"et-pb-icon dsm_separator_icon\">&#x4b;<\/span><\/li><br \/>\n<b>Warning<\/b>:  Attempt to read property \"term_id\" on null in <b>\/home\/clients\/5e008cf9b1edbca580a33fb6dc01ff87\/sites\/scinnov.eu\/wp-content\/plugins\/supreme-modules-pro-for-divi\/includes\/modules\/Breadcrumbs\/Breadcrumbs.php<\/b> on line <b>705<\/b><br \/>\n<\/ul>\n\t\t\t<\/nav>\n\t\t\t\t<\/div>\n\t\t\t<\/div>Rejoindre notre r\u00e9seauScinnov : un mod\u00e8le collaboratif pour offrir les meilleurs services aux chercheurs, entrepreneurs et innovateurs. L&rsquo;entreprise s&rsquo;associe avec des cabinets de conseils et des consultants ind\u00e9pendants afin de b\u00e9n\u00e9ficier d&rsquo;une capacit\u00e9 de recourir aux meilleures expertises, tout en conservant une v\u00e9ritable agilit\u00e9.Depuis 2016, Scinnov a recours \u00e0 des consultants ind\u00e9pendants: scientifiques, ing\u00e9nieurs, gestionnaires de projets, sp\u00e9cialistes financiers. Pr\u00e8s d&rsquo;une dizaine travaillent r\u00e9guli\u00e8rement sur des projets de la soci\u00e9t\u00e9. En parall\u00e8le, Scinnov a d\u00e9velopp\u00e9 un r\u00e9seau de cabinets de conseils en affaires publiques ou en financements de projets, \u00e9tablis dans d&rsquo;autres pays europ\u00e9ens, afin de lui permettre de recourir \u00e0 des ressources suppl\u00e9mentaires et ainsi r\u00e9pondre positivement aux besoins de ses clients.Ce qui nous rend uniqueUn cabinet \u00e0 taille humaine : nous d\u00e9veloppons une relation privil\u00e9gi\u00e9e, \u00e9quitable et de long-terme avec nos collaborateurs, dans un souci de partage de connaissances et de valeurs.Un souci de la performance et une volont\u00e9 de succ\u00e8s : un taux de succ\u00e8s moyen de 65% dans l&rsquo;obtention de financements, la recherche des meilleures expertises.Une \u00e9quipe compl\u00e9mentaire : gestionnaires de projets europ\u00e9ens ou nationaux, sp\u00e9cialistes du financement de l&rsquo;innovation, scientifiques, ing\u00e9nieurs, business developers, juristes, responsables [&hellip;]<\/p>\n","protected":false},"author":4,"featured_media":0,"parent":0,"menu_order":0,"comment_status":"closed","ping_status":"closed","template":"","meta":{"_et_pb_use_builder":"on","_et_pb_old_content":"","_et_gb_content_width":"","inline_featured_image":false,"footnotes":""},"difl_page_category":[],"class_list":["post-752","page","type-page","status-publish","hentry"],"_links":{"self":[{"href":"https:\/\/scinnov.eu\/fr\/wp-json\/wp\/v2\/pages\/752","targetHints":{"allow":["GET"]}}],"collection":[{"href":"https:\/\/scinnov.eu\/fr\/wp-json\/wp\/v2\/pages"}],"about":[{"href":"https:\/\/scinnov.eu\/fr\/wp-json\/wp\/v2\/types\/page"}],"author":[{"embeddable":true,"href":"https:\/\/scinnov.eu\/fr\/wp-json\/wp\/v2\/users\/4"}],"replies":[{"embeddable":true,"href":"https:\/\/scinnov.eu\/fr\/wp-json\/wp\/v2\/comments?post=752"}],"version-history":[{"count":1,"href":"https:\/\/scinnov.eu\/fr\/wp-json\/wp\/v2\/pages\/752\/revisions"}],"predecessor-version":[{"id":15233,"href":"https:\/\/scinnov.eu\/fr\/wp-json\/wp\/v2\/pages\/752\/revisions\/15233"}],"wp:attachment":[{"href":"https:\/\/scinnov.eu\/fr\/wp-json\/wp\/v2\/media?parent=752"}],"wp:term":[{"taxonomy":"difl_page_category","embeddable":true,"href":"https:\/\/scinnov.eu\/fr\/wp-json\/wp\/v2\/difl_page_category?post=752"}],"curies":[{"name":"wp","href":"https:\/\/api.w.org\/{rel}","templated":true}]}}