{"id":1720,"date":"2025-06-24T11:22:05","date_gmt":"2025-06-24T09:22:05","guid":{"rendered":"https:\/\/scinnov.eu\/?page_id=1720"},"modified":"2025-09-15T09:35:11","modified_gmt":"2025-09-15T07:35:11","slug":"mentions-legales","status":"publish","type":"page","link":"https:\/\/scinnov.eu\/fr\/mentions-legales\/","title":{"rendered":"Mentions l\u00e9gales"},"content":{"rendered":"<p>[et_pb_section fb_built=\u00a0\u00bb1&Prime; _builder_version=\u00a0\u00bb4.27.2&Prime; _module_preset=\u00a0\u00bbdefault\u00a0\u00bb background_color=\u00a0\u00bb#165EA0&Prime; background_image=\u00a0\u00bbhttps:\/\/scinnov.eu\/wp-content\/uploads\/2024\/10\/Graphisme-Scinnov-Fond-de-header-forme-de-logo-1.svg\u00a0\u00bb background_size=\u00a0\u00bbcustom\u00a0\u00bb background_image_width=\u00a0\u00bb520px\u00a0\u00bb background_position=\u00a0\u00bbtop_right\u00a0\u00bb background_blend=\u00a0\u00bblighten\u00a0\u00bb global_colors_info=\u00a0\u00bb{}\u00a0\u00bb][et_pb_row _builder_version=\u00a0\u00bb4.27.2&Prime; _module_preset=\u00a0\u00bbdefault\u00a0\u00bb global_colors_info=\u00a0\u00bb{}\u00a0\u00bb][et_pb_column type=\u00a0\u00bb4_4&Prime; _builder_version=\u00a0\u00bb4.27.2&Prime; _module_preset=\u00a0\u00bbdefault\u00a0\u00bb global_colors_info=\u00a0\u00bb{}\u00a0\u00bb][et_pb_text _builder_version=\u00a0\u00bb4.27.4&Prime; _module_preset=\u00a0\u00bbdefault\u00a0\u00bb header_font=\u00a0\u00bbsilka-black||||||||\u00a0\u00bb header_text_align=\u00a0\u00bbleft\u00a0\u00bb header_text_color=\u00a0\u00bb#FFFFFF\u00a0\u00bb header_font_size=\u00a0\u00bb64px\u00a0\u00bb header_line_height=\u00a0\u00bb4.3rem\u00a0\u00bb global_colors_info=\u00a0\u00bb{}\u00a0\u00bb]<\/p>\n<h1>Mentions l\u00e9gales<\/h1>\n<p>[\/et_pb_text][\/et_pb_column][\/et_pb_row][et_pb_row _builder_version=\u00a0\u00bb4.27.2&Prime; _module_preset=\u00a0\u00bbdefault\u00a0\u00bb global_colors_info=\u00a0\u00bb{}\u00a0\u00bb][et_pb_column type=\u00a0\u00bb4_4&Prime; _builder_version=\u00a0\u00bb4.27.2&Prime; _module_preset=\u00a0\u00bbdefault\u00a0\u00bb global_colors_info=\u00a0\u00bb{}\u00a0\u00bb][et_pb_toggle title=\u00a0\u00bb1 &#8211; \u00c9dition du site\u00a0\u00bb open_toggle_text_color=\u00a0\u00bb#165EA0&Prime; icon_color=\u00a0\u00bb#165EA0&Prime; open_icon_color=\u00a0\u00bb#165EA0&Prime; _builder_version=\u00a0\u00bb4.27.4&Prime; _module_preset=\u00a0\u00bbdefault\u00a0\u00bb title_text_color=\u00a0\u00bb#165EA0&Prime; hover_enabled=\u00a0\u00bb0&Prime; global_colors_info=\u00a0\u00bb{}\u00a0\u00bb sticky_enabled=\u00a0\u00bb0&Prime;]<\/p>\n<p>En vertu de l\u2019article 6 de la loi n\u00b0 2004-575 du 21 juin 2004 pour la confiance dans l\u2019\u00e9conomie num\u00e9rique, il est pr\u00e9cis\u00e9 aux utilisateurs du site internet <a href=\"https:\/\/scinnov.eu\/\">https:\/\/scinnov.eu\/<\/a> l\u2019identit\u00e9 des diff\u00e9rents intervenants dans le cadre de sa r\u00e9alisation et de son suivi:<br \/>Propri\u00e9taire du site : Scinnov<br \/>Contact : contact@scinnov.eu<br \/>+32 475 98 98 46<br \/>Adresse : Rue Montoyer, 25 &#8211; 1000 Bruxelles &#8211; BELGIQUE<br \/>Identification de l\u2019entreprise : RPM Bruxelles<br \/>TVA Intracommunautaire : BE 0657920019<br \/>Directeurs de la publication : Landry COCHARD<br \/>H\u00e9bergeur : Infomaniak<br \/>D\u00e9l\u00e9gu\u00e9 \u00e0 la protection des donn\u00e9es : Landry COCHARD<br \/>Autres contributeurs : conception graphique et d\u00e9veloppement du site : Forsane, Yan DEGIVE ; photos : Adobe stock<\/p>\n<p>[\/et_pb_toggle][et_pb_toggle title=\u00a0\u00bb2 &#8211; Propri\u00e9t\u00e9 intellectuelle et contrefa\u00e7ons\u00a0\u00bb open_toggle_text_color=\u00a0\u00bb#165EA0&Prime; icon_color=\u00a0\u00bb#165EA0&Prime; open_icon_color=\u00a0\u00bb#165EA0&Prime; _builder_version=\u00a0\u00bb4.27.4&Prime; _module_preset=\u00a0\u00bbdefault\u00a0\u00bb title_text_color=\u00a0\u00bb#165EA0&Prime; global_colors_info=\u00a0\u00bb{}\u00a0\u00bb]<\/p>\n<p>Scinnov est propri\u00e9taire des droits de propri\u00e9t\u00e9 intellectuelle et d\u00e9tient les droits d\u2019usage sur tous les \u00e9l\u00e9ments accessibles sur le site internet, notamment les textes, images, graphismes, logos, vid\u00e9os, architecture, ic\u00f4nes et sons.<br \/>Toute reproduction, repr\u00e9sentation, modification, publication, adaptation de tout ou partie des \u00e9l\u00e9ments du site, quel que soit le moyen ou le proc\u00e9d\u00e9 utilis\u00e9, est interdite, sauf autorisation \u00e9crite pr\u00e9alable de Scinnov.<br \/>Toute exploitation non autoris\u00e9e du site ou de l\u2019un quelconque des \u00e9l\u00e9ments qu\u2019il contient sera consid\u00e9r\u00e9e comme constitutive d\u2019une contrefa\u00e7on et poursuivie conform\u00e9ment aux dispositions des articles L.335-2 et suivants du <a href=\"https:\/\/www.legifrance.gouv.fr\/codes\/article_lc\/LEGIARTI000032655082\" target=\"_blank\" rel=\"noopener\">Code de Propri\u00e9t\u00e9 Intellectuelle.<\/a><\/p>\n<p>[\/et_pb_toggle][et_pb_toggle title=\u00a0\u00bb3 &#8211; Limitations de responsabilit\u00e9\u00a0\u00bb open_toggle_text_color=\u00a0\u00bb#165EA0&Prime; icon_color=\u00a0\u00bb#165EA0&Prime; open_icon_color=\u00a0\u00bb#165EA0&Prime; _builder_version=\u00a0\u00bb4.27.4&Prime; _module_preset=\u00a0\u00bbdefault\u00a0\u00bb title_text_color=\u00a0\u00bb#165EA0&Prime; global_colors_info=\u00a0\u00bb{}\u00a0\u00bb]<\/p>\n<p>Scinnov ne pourra \u00eatre tenu pour responsable des dommages directs et indirects caus\u00e9s au mat\u00e9riel de l\u2019utilisateur, lors de l\u2019acc\u00e8s au site https:\/\/scinnov.eu\/<br \/>Scinnov d\u00e9cline toute responsabilit\u00e9 quant \u00e0 l\u2019utilisation qui pourrait \u00eatre faite des informations et contenus pr\u00e9sents sur https:\/\/scinnov.eu\/<br \/>Scinnov s\u2019engage \u00e0 s\u00e9curiser au mieux le site https:\/\/scinnov.eu\/, cependant sa responsabilit\u00e9 ne pourra \u00eatre mise en cause si des donn\u00e9es ind\u00e9sirables sont import\u00e9es et install\u00e9es sur son site \u00e0 son insu.<br \/>Des espaces interactifs (espace contact ou commentaires) sont \u00e0 la disposition des utilisateurs. Scinnov se r\u00e9serve le droit de supprimer, sans mise en demeure pr\u00e9alable, tout contenu d\u00e9pos\u00e9 dans cet espace qui contreviendrait \u00e0 la l\u00e9gislation applicable en France, en particulier aux dispositions relatives \u00e0 la protection des donn\u00e9es.<br \/>Le cas \u00e9ch\u00e9ant, Scinnov se r\u00e9serve \u00e9galement la possibilit\u00e9 de mettre en cause la responsabilit\u00e9 civile et\/ou p\u00e9nale de l\u2019utilisateur, notamment en cas de message \u00e0 caract\u00e8re raciste, injurieux, diffamant, ou pornographique, quel que soit le support utilis\u00e9 (texte, photographie \u2026).<\/p>\n<p>[\/et_pb_toggle][et_pb_toggle title=\u00a0\u00bb4 &#8211; CNIL et gestion des donn\u00e9es personnelles\u00a0\u00bb open_toggle_text_color=\u00a0\u00bb#165EA0&Prime; icon_color=\u00a0\u00bb#165EA0&Prime; open_icon_color=\u00a0\u00bb#165EA0&Prime; _builder_version=\u00a0\u00bb4.27.4&Prime; _module_preset=\u00a0\u00bbdefault\u00a0\u00bb title_text_color=\u00a0\u00bb#165EA0&Prime; global_colors_info=\u00a0\u00bb{}\u00a0\u00bb]<\/p>\n<p>Conform\u00e9ment aux dispositions de la loi 78-17 du 6 janvier 1978 modifi\u00e9e, l\u2019utilisateur du site https:\/\/scinnov.eu\/ dispose d\u2019un droit d\u2019acc\u00e8s, de modification et de suppression des informations collect\u00e9es. Pour exercer ce droit, envoyez un message \u00e0 nos D\u00e9l\u00e9gu\u00e9s \u00e0 la Protection des Donn\u00e9es :\u00a0<br \/>Pour plus d\u2019informations sur la fa\u00e7on dont nous traitons vos donn\u00e9es (type de donn\u00e9es, finalit\u00e9, destinataire\u2026), lisez notre politique de confidentialit\u00e9<\/p>\n<p>[\/et_pb_toggle][\/et_pb_column][\/et_pb_row][\/et_pb_section]<\/p>\n","protected":false},"excerpt":{"rendered":"<p>Mentions l\u00e9galesEn vertu de l\u2019article 6 de la loi n\u00b0 2004-575 du 21 juin 2004 pour la confiance dans l\u2019\u00e9conomie num\u00e9rique, il est pr\u00e9cis\u00e9 aux utilisateurs du site internet https:\/\/scinnov.eu\/ l\u2019identit\u00e9 des diff\u00e9rents intervenants dans le cadre de sa r\u00e9alisation et de son suivi:Propri\u00e9taire du site : ScinnovContact : contact@scinnov.eu+32 475 98 98 46Adresse : Rue Montoyer, 25 &#8211; 1000 Bruxelles &#8211; BELGIQUEIdentification de l\u2019entreprise : RPM BruxellesTVA Intracommunautaire : BE 0657920019Directeurs de la publication : Landry COCHARDH\u00e9bergeur : InfomaniakD\u00e9l\u00e9gu\u00e9 \u00e0 la protection des donn\u00e9es : Landry COCHARDAutres contributeurs : conception graphique et d\u00e9veloppement du site : Forsane, Yan DEGIVE ; photos : Adobe stockScinnov est propri\u00e9taire des droits de propri\u00e9t\u00e9 intellectuelle et d\u00e9tient les droits d\u2019usage sur tous les \u00e9l\u00e9ments accessibles sur le site internet, notamment les textes, images, graphismes, logos, vid\u00e9os, architecture, ic\u00f4nes et sons.Toute reproduction, repr\u00e9sentation, modification, publication, adaptation de tout ou partie des \u00e9l\u00e9ments du site, quel que soit le moyen ou le proc\u00e9d\u00e9 utilis\u00e9, est interdite, sauf autorisation \u00e9crite pr\u00e9alable de Scinnov.Toute exploitation non autoris\u00e9e du site ou de l\u2019un quelconque des \u00e9l\u00e9ments qu\u2019il contient sera consid\u00e9r\u00e9e comme constitutive d\u2019une contrefa\u00e7on et poursuivie conform\u00e9ment aux dispositions des articles L.335-2 et suivants du Code de Propri\u00e9t\u00e9 [&hellip;]<\/p>\n","protected":false},"author":4,"featured_media":0,"parent":0,"menu_order":0,"comment_status":"closed","ping_status":"closed","template":"","meta":{"_et_pb_use_builder":"on","_et_pb_old_content":"","_et_gb_content_width":"","inline_featured_image":false,"footnotes":""},"difl_page_category":[],"class_list":["post-1720","page","type-page","status-publish","hentry"],"_links":{"self":[{"href":"https:\/\/scinnov.eu\/fr\/wp-json\/wp\/v2\/pages\/1720","targetHints":{"allow":["GET"]}}],"collection":[{"href":"https:\/\/scinnov.eu\/fr\/wp-json\/wp\/v2\/pages"}],"about":[{"href":"https:\/\/scinnov.eu\/fr\/wp-json\/wp\/v2\/types\/page"}],"author":[{"embeddable":true,"href":"https:\/\/scinnov.eu\/fr\/wp-json\/wp\/v2\/users\/4"}],"replies":[{"embeddable":true,"href":"https:\/\/scinnov.eu\/fr\/wp-json\/wp\/v2\/comments?post=1720"}],"version-history":[{"count":1,"href":"https:\/\/scinnov.eu\/fr\/wp-json\/wp\/v2\/pages\/1720\/revisions"}],"predecessor-version":[{"id":15230,"href":"https:\/\/scinnov.eu\/fr\/wp-json\/wp\/v2\/pages\/1720\/revisions\/15230"}],"wp:attachment":[{"href":"https:\/\/scinnov.eu\/fr\/wp-json\/wp\/v2\/media?parent=1720"}],"wp:term":[{"taxonomy":"difl_page_category","embeddable":true,"href":"https:\/\/scinnov.eu\/fr\/wp-json\/wp\/v2\/difl_page_category?post=1720"}],"curies":[{"name":"wp","href":"https:\/\/api.w.org\/{rel}","templated":true}]}}